{"id":21,"date":"2023-11-03T10:39:21","date_gmt":"2023-11-03T10:39:21","guid":{"rendered":"https:\/\/web4.rkinformatika.net\/nivel3santutxu\/?page_id=21"},"modified":"2025-01-16T16:49:13","modified_gmt":"2025-01-16T16:49:13","slug":"aviso-legal","status":"publish","type":"page","link":"https:\/\/nivel3santutxu.com\/eu\/aviso-legal\/","title":{"rendered":"Legezko Oharra"},"content":{"rendered":"<div data-elementor-type=\"wp-page\" data-elementor-id=\"21\" class=\"elementor elementor-21\" data-elementor-post-type=\"page\">\n\t\t\t\t<div class=\"elementor-element elementor-element-3251ca0 e-flex e-con-boxed e-con e-parent\" data-id=\"3251ca0\" data-element_type=\"container\" data-e-type=\"container\">\n\t\t\t\t\t<div class=\"e-con-inner\">\n\t\t\t\t<div class=\"elementor-element elementor-element-f2b7c08 elementor-widget elementor-widget-text-editor\" data-id=\"f2b7c08\" data-element_type=\"widget\" data-e-type=\"widget\" data-widget_type=\"text-editor.default\">\n\t\t\t\t<div class=\"elementor-widget-container\">\n\t\t\t\t\t\t\t\t\t<p>En cumplimiento de la Ley 34\/2002, de 11 de julio, de Servicios de la Sociedad de la Informaci\u00f3n y de<br \/>Comercio Electr\u00f3nico (LSSI-CE), KIROLAK SL informa que es titular del sitio web. De acuerdo con la<br \/>exigencia del art\u00edculo 10 de la citada Ley, KIROLAK SL informa de los siguientes datos:<br \/>RAZ\u00d3N SOCIAL KIROLAK SL<br \/>NIF B48308522<br \/>DOMINIO WWW.NIVEL3SANTUTXU.COM<br \/>DIRECCI\u00d3N POSTAL CALLE MAZUSTEGUI 5,48006 BILBAO(BIZKAIA)<br \/>DIRECCI\u00d3N ELECTR\u00d3NICA santutxu@niveltres.com<br \/>TEL\u00c9FONOS 944337732<br \/>N.\u00ba REGISTRO\/DATOS<br \/>ADICIONALES<br \/>Tomo: 5950<br \/>Folio: 99<br \/>Hoja: BI 75595<br \/>Inscripci\u00f3n: 4<br \/>Usuario y r\u00e9gimen de responsabilidades<br \/>La navegaci\u00f3n, acceso y uso por el sitio web de KIROLAK SL confiere la condici\u00f3n de usuario.<br \/>El sitio web de KIROLAK SL proporciona gran diversidad de informaci\u00f3n, servicios y datos. El usuario<br \/>asume su responsabilidad en el uso correcto del sitio web. Esta responsabilidad se extender\u00e1 a:<br \/>La veracidad y licitud de las informaciones aportadas por el usuario en los formularios extendidos<br \/>por KIROLAK SL para el acceso a ciertos contenidos o servicios ofrecidos por el web.<br \/>El uso de la informaci\u00f3n, servicios y datos ofrecidos por KIROLAK SL contrariamente a lo<br \/>dispuesto por las presentes condiciones, la Ley, la moral, las buenas costumbres o el orden<br \/>p\u00fablico, o que de cualquier otro modo puedan suponer lesi\u00f3n de los derechos de terceros o del<br \/>mismo funcionamiento del sitio web.<br \/>Pol\u00edtica de enlaces y exenciones de responsabilidad<br \/>KIROLAK SL no se hace responsable del contenido de los sitios web a los que el usuario pueda acceder<br \/>a trav\u00e9s de los enlaces establecidos en su sitio web, siempre que no tenga conocimiento efectivo de que<br \/>la actividad o la informaci\u00f3n a la que remite o recomienda es il\u00edcita o de que lesiona bienes o derechos de<br \/>un tercero susceptibles de indemnizaci\u00f3n, o, en caso de tenerlo, act\u00fae con diligencia para suprimir o<br \/>inutilizar el enlace correspondiente.<br \/>Se entender\u00e1 que KIROLAK SL tiene el conocimiento efectivo a que se refiere el p\u00e1rrafo anterior cuando<br \/>un \u00f3rgano competente haya declarado la ilicitud de los datos, ordenado su retirada o que se imposibilite el<br \/>acceso a los mismos, o se hubiera declarado la existencia de la lesi\u00f3n, y KIROLAK SL conociera la<br \/>correspondiente resoluci\u00f3n, sin perjuicio de los procedimientos de detecci\u00f3n y retirada de contenidos que<br \/>KIROLAK SL aplique en virtud de acuerdos voluntarios y de otros medios de conocimiento efectivo que<br \/>pudieran establecerse.<\/p>\n<p>KIROLAK SL declara haber adoptado todas las medidas necesarias para evitar cualquier da\u00f1o a los<\/p>\n<p>usuarios de su sitio web, que pudieran derivarse de la navegaci\u00f3n por su sitio web. En consecuencia,<\/p>\n<p>KIROLAK SL no se hace responsable, en ning\u00fan caso, de los eventuales da\u00f1os que por la navegaci\u00f3n<\/p>\n<p>por Internet pudiera sufrir el usuario. Asimismo, tampoco garantizar\u00e1 la disponibilidad t\u00e9cnica, exactitud,<\/p>\n<p>veracidad, validez o legalidad de sitios ajenos a su propiedad a los que se pueda acceder por medio de<\/p>\n<p>los enlaces.<\/p>\n<p>Modificaciones<\/p>\n<p>KIROLAK SL se reserva la facultad de efectuar, en cualquier momento y sin necesidad de previo aviso,<\/p>\n<p>modificaciones y actualizaciones de la informaci\u00f3n contenida en su sitio web o en la configuraci\u00f3n y<\/p>\n<p>presentaci\u00f3n de esta. Con objeto de mantener actualizada la informaci\u00f3n publicada, los contenidos del<\/p>\n<p>mismo podr\u00e1n ser modificados, corregidos, eliminados o a\u00f1adidos en cualquier momento, por cualquier<\/p>\n<p>forma admisible en derecho.<\/p>\n<p>Indicaci\u00f3n de precios<\/p>\n<p>En caso de que se muestren precios de productos y\/o servicios, los indicados en pantalla ser\u00e1n los<\/p>\n<p>vigentes en cada momento. Los precios ser\u00e1n indicados en euros y tendr\u00e1n incorporado el Impuesto<\/p>\n<p>sobre el Valor A\u00f1adido (IVA). En caso de que no se incorpore el IVA en el precio, se indicar\u00e1 de manera<\/p>\n<p>expresa y se permitir\u00e1 al usuario visualizar el precio final completo.<\/p>\n<p>Asimismo, si fuera aplicable cualquier otro impuesto, as\u00ed se indicar\u00eda, incluyendo, en su caso, el importe<\/p>\n<p>de los incrementos o descuentos que sean de aplicaci\u00f3n a la oferta y los gastos adicionales que puedan<\/p>\n<p>repercutir al consumidor o usuario.<\/p>\n<p>Propiedad intelectual e industrial<\/p>\n<p>KIROLAK SL por s\u00ed misma o como cesionaria, es titular de todos los derechos de propiedad intelectual e<\/p>\n<p>industrial de su p\u00e1gina web, as\u00ed como de los elementos contenidos en la misma (a t\u00edtulo enunciativo,<\/p>\n<p>im\u00e1genes, sonido, audio, v\u00eddeo, software o textos; marcas o logotipos, combinaciones de colores,<\/p>\n<p>estructura y dise\u00f1o, selecci\u00f3n de materiales usados, programas de ordenador necesarios para su<\/p>\n<p>funcionamiento, acceso y uso, etc.), titularidad de KIROLAK SL. Ser\u00e1n, por consiguiente, obras protegidas<\/p>\n<p>como propiedad intelectual por el ordenamiento jur\u00eddico espa\u00f1ol, si\u00e9ndoles aplicables tanto la normativa<\/p>\n<p>espa\u00f1ola y comunitaria en este campo, como los tratados internacionales relativos a la materia y suscritos<\/p>\n<p>por Espa\u00f1a.<\/p>\n<p>Todos los derechos reservados. En virtud de lo dispuesto en la Ley de Propiedad Intelectual, quedan<\/p>\n<p>expresamente prohibidas la reproducci\u00f3n, la distribuci\u00f3n y la comunicaci\u00f3n p\u00fablica, incluida su modalidad<\/p>\n<p>de puesta a disposici\u00f3n, de la totalidad o parte de los contenidos de esta p\u00e1gina web, con fines<\/p>\n<p>comerciales, en cualquier soporte y por cualquier medio t\u00e9cnico, sin la autorizaci\u00f3n de KIROLAK SL.<\/p>\n<p>El usuario se compromete a respetar los derechos de Propiedad Intelectual e Industrial titularidad de<\/p>\n<p>KIROLAK SL. Podr\u00e1 visualizar los elementos del portal e incluso imprimirlos, copiarlos y almacenarlos en<\/p>\n<p>el disco duro de su ordenador o en cualquier otro soporte f\u00edsico siempre y cuando sea, \u00fanica y<\/p>\n<p>exclusivamente, para su uso personal y privado. El usuario deber\u00e1 abstenerse de suprimir, alterar, eludir o<\/p>\n<p>manipular cualquier dispositivo de protecci\u00f3n o sistema de seguridad que estuviera instalado en las<\/p>\n<p>p\u00e1ginas de KIROLAK SL.<\/p>\n<p>Certificado SSL (secure sockets layer)<\/p>\n<p>El CERTIFICADO SSL proporciona autenticaci\u00f3n, privacidad y seguridad de la informaci\u00f3n entre<\/p>\n<p>KIROLAK SL y el usuario.<\/p>\n<p>KIROLAK SL dispone de un certificado de seguridad que se utiliza por CERTIFICADO SSL para realizar<\/p>\n<p>conexiones seguras.<\/p>\n<p>En este proceso se establecen varios par\u00e1metros para realizar la conexi\u00f3n de forma segura y se<\/p>\n<p>establece usando llaves preestablecidas, codificando y descodificando todos los datos enviados hasta<\/p>\n<p>que la conexi\u00f3n sea cerrada.<\/p>\n<p>Acciones legales, legislaci\u00f3n aplicable y jurisdicci\u00f3n<\/p>\n<p>Si el usuario desea presentar una reclamaci\u00f3n, deber\u00e1 contactar mediante el correo electr\u00f3nico<\/p>\n<p>santutxu@niveltres.com. Asimismo, KIROLAK SL dispone de hojas oficiales de reclamaci\u00f3n a disposici\u00f3n<\/p>\n<p>de los consumidores y usuarios.<\/p>\n<p>KIROLAK SL se reserva la facultad de presentar las acciones civiles o penales que considere oportunas<\/p>\n<p>por la utilizaci\u00f3n indebida de su sitio web y contenidos, o por el incumplimiento de las presentes<\/p>\n<p>condiciones.<\/p>\n<p>La relaci\u00f3n entre el usuario y el prestador se regir\u00e1 por la normativa vigente y de aplicaci\u00f3n en el territorio<\/p>\n<p>espa\u00f1ol. De surgir cualquier controversia las partes podr\u00e1n someter sus conflictos a arbitraje o acudir a la<\/p>\n<p>jurisdicci\u00f3n ordinaria cumpliendo con las normas sobre jurisdicci\u00f3n y competencia al respecto.<\/p>\n<p>\u00daltima actualizaci\u00f3n: 29 de febrero de 2024<\/p>\n<p>\u00a0<\/p>\t\t\t\t\t\t\t\t<\/div>\n\t\t\t\t<\/div>\n\t\t\t\t\t<\/div>\n\t\t\t\t<\/div>\n\t\t\t\t<\/div>","protected":false},"excerpt":{"rendered":"<p>En cumplimiento de la Ley 34\/2002, de 11 de julio, de Servicios de la Sociedad de la Informaci\u00f3n y deComercio Electr\u00f3nico (LSSI-CE), KIROLAK SL informa que es titular del sitio web. De acuerdo con laexigencia del art\u00edculo 10 de la citada Ley, KIROLAK SL informa de los siguientes datos:RAZ\u00d3N SOCIAL KIROLAK SLNIF B48308522DOMINIO WWW.NIVEL3SANTUTXU.COMDIRECCI\u00d3N POSTAL [&hellip;]<\/p>\n","protected":false},"author":1,"featured_media":0,"parent":0,"menu_order":0,"comment_status":"closed","ping_status":"closed","template":"elementor_canvas","meta":{"footnotes":""},"class_list":["post-21","page","type-page","status-publish","hentry"],"yoast_head":"<!-- This site is optimized with the Yoast SEO plugin v27.5 - https:\/\/yoast.com\/product\/yoast-seo-wordpress\/ -->\n<title>Aviso Legal - Gimnasio Nivel 3<\/title>\n<meta name=\"robots\" content=\"index, follow, max-snippet:-1, max-image-preview:large, max-video-preview:-1\" \/>\n<link rel=\"canonical\" href=\"https:\/\/nivel3santutxu.com\/eu\/aviso-legal\/\" \/>\n<meta property=\"og:locale\" content=\"en_US\" \/>\n<meta property=\"og:type\" content=\"article\" \/>\n<meta property=\"og:title\" content=\"Aviso Legal - Gimnasio Nivel 3\" \/>\n<meta property=\"og:description\" content=\"En cumplimiento de la Ley 34\/2002, de 11 de julio, de Servicios de la Sociedad de la Informaci\u00f3n y deComercio Electr\u00f3nico (LSSI-CE), KIROLAK SL informa que es titular del sitio web. De acuerdo con laexigencia del art\u00edculo 10 de la citada Ley, KIROLAK SL informa de los siguientes datos:RAZ\u00d3N SOCIAL KIROLAK SLNIF B48308522DOMINIO WWW.NIVEL3SANTUTXU.COMDIRECCI\u00d3N POSTAL [&hellip;]\" \/>\n<meta property=\"og:url\" content=\"https:\/\/nivel3santutxu.com\/eu\/aviso-legal\/\" \/>\n<meta property=\"og:site_name\" content=\"Gimnasio Nivel 3\" \/>\n<meta property=\"article:modified_time\" content=\"2025-01-16T16:49:13+00:00\" \/>\n<meta name=\"twitter:card\" content=\"summary_large_image\" \/>\n<meta name=\"twitter:label1\" content=\"Est. reading time\" \/>\n\t<meta name=\"twitter:data1\" content=\"6 minutua\" \/>\n<script type=\"application\/ld+json\" class=\"yoast-schema-graph\">{\"@context\":\"https:\\\/\\\/schema.org\",\"@graph\":[{\"@type\":\"WebPage\",\"@id\":\"https:\\\/\\\/nivel3santutxu.com\\\/aviso-legal\\\/\",\"url\":\"https:\\\/\\\/nivel3santutxu.com\\\/aviso-legal\\\/\",\"name\":\"Aviso Legal - Gimnasio Nivel 3\",\"isPartOf\":{\"@id\":\"https:\\\/\\\/nivel3santutxu.com\\\/#website\"},\"datePublished\":\"2023-11-03T10:39:21+00:00\",\"dateModified\":\"2025-01-16T16:49:13+00:00\",\"breadcrumb\":{\"@id\":\"https:\\\/\\\/nivel3santutxu.com\\\/aviso-legal\\\/#breadcrumb\"},\"inLanguage\":\"eu\",\"potentialAction\":[{\"@type\":\"ReadAction\",\"target\":[\"https:\\\/\\\/nivel3santutxu.com\\\/aviso-legal\\\/\"]}]},{\"@type\":\"BreadcrumbList\",\"@id\":\"https:\\\/\\\/nivel3santutxu.com\\\/aviso-legal\\\/#breadcrumb\",\"itemListElement\":[{\"@type\":\"ListItem\",\"position\":1,\"name\":\"Portada\",\"item\":\"https:\\\/\\\/nivel3santutxu.com\\\/\"},{\"@type\":\"ListItem\",\"position\":2,\"name\":\"Aviso Legal\"}]},{\"@type\":\"WebSite\",\"@id\":\"https:\\\/\\\/nivel3santutxu.com\\\/#website\",\"url\":\"https:\\\/\\\/nivel3santutxu.com\\\/\",\"name\":\"Gimnasio Nivel 3\",\"description\":\"Santutxu\",\"publisher\":{\"@id\":\"https:\\\/\\\/nivel3santutxu.com\\\/#organization\"},\"potentialAction\":[{\"@type\":\"SearchAction\",\"target\":{\"@type\":\"EntryPoint\",\"urlTemplate\":\"https:\\\/\\\/nivel3santutxu.com\\\/?s={search_term_string}\"},\"query-input\":{\"@type\":\"PropertyValueSpecification\",\"valueRequired\":true,\"valueName\":\"search_term_string\"}}],\"inLanguage\":\"eu\"},{\"@type\":\"Organization\",\"@id\":\"https:\\\/\\\/nivel3santutxu.com\\\/#organization\",\"name\":\"Gimnasio Nivel 3\",\"url\":\"https:\\\/\\\/nivel3santutxu.com\\\/\",\"logo\":{\"@type\":\"ImageObject\",\"inLanguage\":\"eu\",\"@id\":\"https:\\\/\\\/nivel3santutxu.com\\\/#\\\/schema\\\/logo\\\/image\\\/\",\"url\":\"https:\\\/\\\/nivel3santutxu.com\\\/wp-content\\\/uploads\\\/2023\\\/11\\\/cropped-Logo-01.png\",\"contentUrl\":\"https:\\\/\\\/nivel3santutxu.com\\\/wp-content\\\/uploads\\\/2023\\\/11\\\/cropped-Logo-01.png\",\"width\":1439,\"height\":1080,\"caption\":\"Gimnasio Nivel 3\"},\"image\":{\"@id\":\"https:\\\/\\\/nivel3santutxu.com\\\/#\\\/schema\\\/logo\\\/image\\\/\"}}]}<\/script>\n<!-- \/ Yoast SEO plugin. -->","yoast_head_json":{"title":"Aviso Legal - Gimnasio Nivel 3","robots":{"index":"index","follow":"follow","max-snippet":"max-snippet:-1","max-image-preview":"max-image-preview:large","max-video-preview":"max-video-preview:-1"},"canonical":"https:\/\/nivel3santutxu.com\/eu\/aviso-legal\/","og_locale":"en_US","og_type":"article","og_title":"Aviso Legal - Gimnasio Nivel 3","og_description":"En cumplimiento de la Ley 34\/2002, de 11 de julio, de Servicios de la Sociedad de la Informaci\u00f3n y deComercio Electr\u00f3nico (LSSI-CE), KIROLAK SL informa que es titular del sitio web. De acuerdo con laexigencia del art\u00edculo 10 de la citada Ley, KIROLAK SL informa de los siguientes datos:RAZ\u00d3N SOCIAL KIROLAK SLNIF B48308522DOMINIO WWW.NIVEL3SANTUTXU.COMDIRECCI\u00d3N POSTAL [&hellip;]","og_url":"https:\/\/nivel3santutxu.com\/eu\/aviso-legal\/","og_site_name":"Gimnasio Nivel 3","article_modified_time":"2025-01-16T16:49:13+00:00","twitter_card":"summary_large_image","twitter_misc":{"Est. reading time":"6 minutua"},"schema":{"@context":"https:\/\/schema.org","@graph":[{"@type":"WebPage","@id":"https:\/\/nivel3santutxu.com\/aviso-legal\/","url":"https:\/\/nivel3santutxu.com\/aviso-legal\/","name":"Aviso Legal - Gimnasio Nivel 3","isPartOf":{"@id":"https:\/\/nivel3santutxu.com\/#website"},"datePublished":"2023-11-03T10:39:21+00:00","dateModified":"2025-01-16T16:49:13+00:00","breadcrumb":{"@id":"https:\/\/nivel3santutxu.com\/aviso-legal\/#breadcrumb"},"inLanguage":"eu","potentialAction":[{"@type":"ReadAction","target":["https:\/\/nivel3santutxu.com\/aviso-legal\/"]}]},{"@type":"BreadcrumbList","@id":"https:\/\/nivel3santutxu.com\/aviso-legal\/#breadcrumb","itemListElement":[{"@type":"ListItem","position":1,"name":"Portada","item":"https:\/\/nivel3santutxu.com\/"},{"@type":"ListItem","position":2,"name":"Aviso Legal"}]},{"@type":"WebSite","@id":"https:\/\/nivel3santutxu.com\/#website","url":"https:\/\/nivel3santutxu.com\/","name":"Gimnasio Nivel 3","description":"Santutxu","publisher":{"@id":"https:\/\/nivel3santutxu.com\/#organization"},"potentialAction":[{"@type":"SearchAction","target":{"@type":"EntryPoint","urlTemplate":"https:\/\/nivel3santutxu.com\/?s={search_term_string}"},"query-input":{"@type":"PropertyValueSpecification","valueRequired":true,"valueName":"search_term_string"}}],"inLanguage":"eu"},{"@type":"Organization","@id":"https:\/\/nivel3santutxu.com\/#organization","name":"Gimnasio Nivel 3","url":"https:\/\/nivel3santutxu.com\/","logo":{"@type":"ImageObject","inLanguage":"eu","@id":"https:\/\/nivel3santutxu.com\/#\/schema\/logo\/image\/","url":"https:\/\/nivel3santutxu.com\/wp-content\/uploads\/2023\/11\/cropped-Logo-01.png","contentUrl":"https:\/\/nivel3santutxu.com\/wp-content\/uploads\/2023\/11\/cropped-Logo-01.png","width":1439,"height":1080,"caption":"Gimnasio Nivel 3"},"image":{"@id":"https:\/\/nivel3santutxu.com\/#\/schema\/logo\/image\/"}}]}},"_links":{"self":[{"href":"https:\/\/nivel3santutxu.com\/eu\/wp-json\/wp\/v2\/pages\/21","targetHints":{"allow":["GET"]}}],"collection":[{"href":"https:\/\/nivel3santutxu.com\/eu\/wp-json\/wp\/v2\/pages"}],"about":[{"href":"https:\/\/nivel3santutxu.com\/eu\/wp-json\/wp\/v2\/types\/page"}],"author":[{"embeddable":true,"href":"https:\/\/nivel3santutxu.com\/eu\/wp-json\/wp\/v2\/users\/1"}],"replies":[{"embeddable":true,"href":"https:\/\/nivel3santutxu.com\/eu\/wp-json\/wp\/v2\/comments?post=21"}],"version-history":[{"count":13,"href":"https:\/\/nivel3santutxu.com\/eu\/wp-json\/wp\/v2\/pages\/21\/revisions"}],"predecessor-version":[{"id":1311,"href":"https:\/\/nivel3santutxu.com\/eu\/wp-json\/wp\/v2\/pages\/21\/revisions\/1311"}],"wp:attachment":[{"href":"https:\/\/nivel3santutxu.com\/eu\/wp-json\/wp\/v2\/media?parent=21"}],"curies":[{"name":"wp","href":"https:\/\/api.w.org\/{rel}","templated":true}]}}